{"id":646,"date":"2024-06-19T12:44:53","date_gmt":"2024-06-19T12:44:53","guid":{"rendered":"https:\/\/comitati.fisi.org\/alto-adige\/news-tedesco\/"},"modified":"2025-02-11T14:05:23","modified_gmt":"2025-02-11T14:05:23","slug":"news-2","status":"publish","type":"page","link":"https:\/\/comitati.fisi.org\/alto-adige\/de\/news-2\/","title":{"rendered":"News"},"content":{"rendered":"<div id=\"cs-content\" class=\"cs-content\"><\/div>\n","protected":false},"excerpt":{"rendered":"<p>NewsAuch im Jugendbereich hat S\u00fcdtirol zahlreiche Ski-Alpin-Italienmeister zu bietenBozen, 13. April 2026 \u2013 Die vergangene Woche stand f\u00fcr S\u00fcdtirols Nachwuchs-Skirennl\u00e4uferinnen und -Skirennl\u00e4ufer ganz&#8230;April 13, 2026Ski AlpinFreestyleAuch beim Freeski in Madonna di Campiglio gl\u00e4nzen die S\u00fcdtirolerBozen, 7. April 2026 \u2013 Italienmeistertitel Titel auch bei den S\u00fcdtiroler Freeskier. Hier der gewohnte&#8230;April 7, 2026FreestyleHerausragende S\u00fcdtiroler Snowboarder in CarezzaBozen, 7. April 2026 \u2013 Auch&hellip;<\/p>\n","protected":false},"author":1,"featured_media":0,"parent":0,"menu_order":0,"comment_status":"closed","ping_status":"closed","template":"template-blank-4.php","meta":{"_acf_changed":false,"footnotes":""},"acf":[],"_links":{"self":[{"href":"https:\/\/comitati.fisi.org\/alto-adige\/de\/wp-json\/wp\/v2\/pages\/646"}],"collection":[{"href":"https:\/\/comitati.fisi.org\/alto-adige\/de\/wp-json\/wp\/v2\/pages"}],"about":[{"href":"https:\/\/comitati.fisi.org\/alto-adige\/de\/wp-json\/wp\/v2\/types\/page"}],"author":[{"embeddable":true,"href":"https:\/\/comitati.fisi.org\/alto-adige\/de\/wp-json\/wp\/v2\/users\/1"}],"replies":[{"embeddable":true,"href":"https:\/\/comitati.fisi.org\/alto-adige\/de\/wp-json\/wp\/v2\/comments?post=646"}],"version-history":[{"count":5,"href":"https:\/\/comitati.fisi.org\/alto-adige\/de\/wp-json\/wp\/v2\/pages\/646\/revisions"}],"predecessor-version":[{"id":1212,"href":"https:\/\/comitati.fisi.org\/alto-adige\/de\/wp-json\/wp\/v2\/pages\/646\/revisions\/1212"}],"wp:attachment":[{"href":"https:\/\/comitati.fisi.org\/alto-adige\/de\/wp-json\/wp\/v2\/media?parent=646"}],"curies":[{"name":"wp","href":"https:\/\/api.w.org\/{rel}","templated":true}]}}